{"id":1841,"date":"2017-08-13T13:20:50","date_gmt":"2017-08-13T10:20:50","guid":{"rendered":"http:\/\/viaromana.kapsi.fi\/?page_id=1841"},"modified":"2017-08-13T14:37:41","modified_gmt":"2017-08-13T11:37:41","slug":"microsoft-office-365-ymparisto-kayttoon","status":"publish","type":"page","link":"http:\/\/viaromana.kapsi.fi\/?page_id=1841","title":{"rendered":"Microsoft Office 365 -ymp\u00e4rist\u00f6 k\u00e4ytt\u00f6\u00f6n"},"content":{"rendered":"<h3>Microsoft Office 365 \u2013ymp\u00e4rist\u00f6 Norssissa<\/h3>\n<p>Ennakkotietoa elokuun puoliv\u00e4liss\u00e4 k\u00e4ytt\u00f6\u00f6notettavasta O365-ymp\u00e4rist\u00f6st\u00e4<\/p>\n<p>Viikin ja Ratakadun norssien opettajille ja opiskelijoille on hankittu yhteinen Microsoft Office 365 \u2013ymp\u00e4rist\u00f6, jota syksyll\u00e4 aletaan k\u00e4ytt\u00e4\u00e4 opiskelussa.<br \/>\nOsoite: <a href=\"https:\/\/www.office.com\/\">https:\/\/www.office.com\/<\/a><\/p>\n<p>Uusi k\u00e4ytt\u00e4j\u00e4 saa tunnuksen muotoa:<br \/>\n<em>kutsumanimi.sukunimi@normaalilyseo.fi<br \/>\n<\/em>T\u00e4st\u00e4 ilmoitetaan tarkemmin my\u00f6hemmin lukion ja peruskoulun kursseilla.<\/p>\n<ul>\n<li>K\u00e4ytt\u00e4j\u00e4tunnuksen ensimm\u00e4inen salasana on k\u00e4ytt\u00e4j\u00e4n oma henkil\u00f6tunnus, jonka k\u00e4ytt\u00e4j\u00e4 vaihtaa ensimm\u00e4isell\u00e4 k\u00e4ytt\u00f6kerralla\n<ul>\n<li>T\u00e4t\u00e4 voi halutessaan yritt\u00e4\u00e4 kokeilla jo nyt<\/li>\n<\/ul>\n<\/li>\n<li>Opiskelijat saavat tunnuksen my\u00f6t\u00e4 mahdollisuuden ladata itselleen maksuttoman Windows 10 -k\u00e4ytt\u00f6j\u00e4rjestelm\u00e4n sek\u00e4 Office-paketin<\/li>\n<li>Unohtuneen salasanan vaihtamiseen on tulossa pian k\u00e4tev\u00e4 mahdollisuus:\n<ul>\n<li>Jos on ilmoittanut puhelinnumeronsa, voi tekstiviestin\u00e4 pyyt\u00e4\u00e4 uuden salasanan<\/li>\n<\/ul>\n<\/li>\n<\/ul>\n<p>Lis\u00e4\u00e4 tietoa tulee piakkoin&#8230;<\/p>\n","protected":false},"excerpt":{"rendered":"<p>Microsoft Office 365 \u2013ymp\u00e4rist\u00f6 Norssissa Ennakkotietoa elokuun puoliv\u00e4liss\u00e4 k\u00e4ytt\u00f6\u00f6notettavasta O365-ymp\u00e4rist\u00f6st\u00e4 Viikin ja Ratakadun norssien opettajille ja opiskelijoille on hankittu yhteinen Microsoft Office 365 \u2013ymp\u00e4rist\u00f6, jota syksyll\u00e4 aletaan k\u00e4ytt\u00e4\u00e4 opiskelussa. Osoite: https:\/\/www.office.com\/ Uusi k\u00e4ytt\u00e4j\u00e4 saa tunnuksen muotoa: kutsumanimi.sukunimi@normaalilyseo.fi T\u00e4st\u00e4 ilmoitetaan tarkemmin my\u00f6hemmin lukion ja peruskoulun kursseilla. K\u00e4ytt\u00e4j\u00e4tunnuksen ensimm\u00e4inen salasana on k\u00e4ytt\u00e4j\u00e4n oma henkil\u00f6tunnus, jonka k\u00e4ytt\u00e4j\u00e4 vaihtaa &hellip; <a href=\"http:\/\/viaromana.kapsi.fi\/?page_id=1841\" class=\"more-link\">Continue reading<span class=\"screen-reader-text\"> &#8220;Microsoft Office 365 -ymp\u00e4rist\u00f6 k\u00e4ytt\u00f6\u00f6n&#8221;<\/span><\/a><\/p>\n","protected":false},"author":1,"featured_media":0,"parent":0,"menu_order":0,"comment_status":"closed","ping_status":"closed","template":"","meta":{"_monsterinsights_skip_tracking":false,"_monsterinsights_sitenote_active":false,"_monsterinsights_sitenote_note":"","_monsterinsights_sitenote_category":0,"footnotes":""},"class_list":["post-1841","page","type-page","status-publish","hentry"],"_links":{"self":[{"href":"http:\/\/viaromana.kapsi.fi\/index.php?rest_route=\/wp\/v2\/pages\/1841","targetHints":{"allow":["GET"]}}],"collection":[{"href":"http:\/\/viaromana.kapsi.fi\/index.php?rest_route=\/wp\/v2\/pages"}],"about":[{"href":"http:\/\/viaromana.kapsi.fi\/index.php?rest_route=\/wp\/v2\/types\/page"}],"author":[{"embeddable":true,"href":"http:\/\/viaromana.kapsi.fi\/index.php?rest_route=\/wp\/v2\/users\/1"}],"replies":[{"embeddable":true,"href":"http:\/\/viaromana.kapsi.fi\/index.php?rest_route=%2Fwp%2Fv2%2Fcomments&post=1841"}],"version-history":[{"count":1,"href":"http:\/\/viaromana.kapsi.fi\/index.php?rest_route=\/wp\/v2\/pages\/1841\/revisions"}],"predecessor-version":[{"id":1844,"href":"http:\/\/viaromana.kapsi.fi\/index.php?rest_route=\/wp\/v2\/pages\/1841\/revisions\/1844"}],"wp:attachment":[{"href":"http:\/\/viaromana.kapsi.fi\/index.php?rest_route=%2Fwp%2Fv2%2Fmedia&parent=1841"}],"curies":[{"name":"wp","href":"https:\/\/api.w.org\/{rel}","templated":true}]}}